{"id":913,"date":"2017-04-03T12:42:00","date_gmt":"2017-04-03T12:42:00","guid":{"rendered":"https:\/\/personal-music.com\/home\/"},"modified":"2017-04-03T12:42:00","modified_gmt":"2017-04-03T12:42:00","slug":"home","status":"publish","type":"page","link":"https:\/\/personal-music.com\/pt-pt\/","title":{"rendered":"Home"},"content":{"rendered":"","protected":false},"excerpt":{"rendered":"","protected":false},"author":1,"featured_media":0,"parent":0,"menu_order":0,"comment_status":"closed","ping_status":"closed","template":"page-templates\/page-one-page.php","meta":{"footnotes":""},"class_list":["post-913","page","type-page","status-publish","hentry"],"yoast_head":"<!-- This site is optimized with the Yoast SEO plugin v27.3 - https:\/\/yoast.com\/product\/yoast-seo-wordpress\/ -->\n<title>Personal Music<\/title>\n<meta name=\"description\" content=\"Somos uma empresa profissional de servi\u00e7os musicais personalizados. Projetamos o ambiente musical mais adequado para cada neg\u00f3cio. Somos especialistas em ambiente musical e marketing sensorial para empresas a n\u00edvel internacional.\" \/>\n<meta name=\"robots\" content=\"index, follow, max-snippet:-1, max-image-preview:large, max-video-preview:-1\" \/>\n<link rel=\"canonical\" href=\"https:\/\/personal-music.com\/pt-pt\/home\/\" \/>\n<meta property=\"og:locale\" content=\"pt_PT\" \/>\n<meta property=\"og:type\" content=\"article\" \/>\n<meta property=\"og:title\" content=\"Personal Music\" \/>\n<meta property=\"og:description\" content=\"Somos uma empresa profissional de servi\u00e7os musicais personalizados. Projetamos o ambiente musical mais adequado para cada neg\u00f3cio. Somos especialistas em ambiente musical e marketing sensorial para empresas a n\u00edvel internacional.\" \/>\n<meta property=\"og:url\" content=\"https:\/\/personal-music.com\/pt-pt\/home\/\" \/>\n<meta property=\"og:site_name\" content=\"Personal Music\" \/>\n<meta name=\"twitter:card\" content=\"summary_large_image\" \/>\n<script type=\"application\/ld+json\" class=\"yoast-schema-graph\">{\"@context\":\"https:\\\/\\\/schema.org\",\"@graph\":[{\"@type\":\"WebPage\",\"@id\":\"https:\\\/\\\/personal-music.com\\\/pt-pt\\\/home\\\/\",\"url\":\"https:\\\/\\\/personal-music.com\\\/pt-pt\\\/home\\\/\",\"name\":\"Personal Music\",\"isPartOf\":{\"@id\":\"https:\\\/\\\/personal-music.com\\\/#website\"},\"datePublished\":\"2017-04-03T12:42:00+00:00\",\"description\":\"Somos uma empresa profissional de servi\u00e7os musicais personalizados. Projetamos o ambiente musical mais adequado para cada neg\u00f3cio. Somos especialistas em ambiente musical e marketing sensorial para empresas a n\u00edvel internacional.\",\"breadcrumb\":{\"@id\":\"https:\\\/\\\/personal-music.com\\\/pt-pt\\\/home\\\/#breadcrumb\"},\"inLanguage\":\"pt-PT\",\"potentialAction\":[{\"@type\":\"ReadAction\",\"target\":[\"https:\\\/\\\/personal-music.com\\\/pt-pt\\\/home\\\/\"]}]},{\"@type\":\"BreadcrumbList\",\"@id\":\"https:\\\/\\\/personal-music.com\\\/pt-pt\\\/home\\\/#breadcrumb\",\"itemListElement\":[{\"@type\":\"ListItem\",\"position\":1,\"name\":\"Portada\",\"item\":\"https:\\\/\\\/personal-music.com\\\/pt-pt\\\/home\\\/\"},{\"@type\":\"ListItem\",\"position\":2,\"name\":\"Home\"}]},{\"@type\":\"WebSite\",\"@id\":\"https:\\\/\\\/personal-music.com\\\/#website\",\"url\":\"https:\\\/\\\/personal-music.com\\\/\",\"name\":\"Personal Music\",\"description\":\"MUSIC MARKETING SERVICE\",\"publisher\":{\"@id\":\"https:\\\/\\\/personal-music.com\\\/#organization\"},\"potentialAction\":[{\"@type\":\"SearchAction\",\"target\":{\"@type\":\"EntryPoint\",\"urlTemplate\":\"https:\\\/\\\/personal-music.com\\\/?s={search_term_string}\"},\"query-input\":{\"@type\":\"PropertyValueSpecification\",\"valueRequired\":true,\"valueName\":\"search_term_string\"}}],\"inLanguage\":\"pt-PT\"},{\"@type\":\"Organization\",\"@id\":\"https:\\\/\\\/personal-music.com\\\/#organization\",\"name\":\"Personal Music\",\"url\":\"https:\\\/\\\/personal-music.com\\\/\",\"logo\":{\"@type\":\"ImageObject\",\"inLanguage\":\"pt-PT\",\"@id\":\"https:\\\/\\\/personal-music.com\\\/#\\\/schema\\\/logo\\\/image\\\/\",\"url\":\"https:\\\/\\\/personal-music.com\\\/wp-content\\\/uploads\\\/2022\\\/02\\\/big_icon.jpeg\",\"contentUrl\":\"https:\\\/\\\/personal-music.com\\\/wp-content\\\/uploads\\\/2022\\\/02\\\/big_icon.jpeg\",\"width\":512,\"height\":512,\"caption\":\"Personal Music\"},\"image\":{\"@id\":\"https:\\\/\\\/personal-music.com\\\/#\\\/schema\\\/logo\\\/image\\\/\"}}]}<\/script>\n<!-- \/ Yoast SEO plugin. -->","yoast_head_json":{"title":"Personal Music","description":"Somos uma empresa profissional de servi\u00e7os musicais personalizados. Projetamos o ambiente musical mais adequado para cada neg\u00f3cio. Somos especialistas em ambiente musical e marketing sensorial para empresas a n\u00edvel internacional.","robots":{"index":"index","follow":"follow","max-snippet":"max-snippet:-1","max-image-preview":"max-image-preview:large","max-video-preview":"max-video-preview:-1"},"canonical":"https:\/\/personal-music.com\/pt-pt\/home\/","og_locale":"pt_PT","og_type":"article","og_title":"Personal Music","og_description":"Somos uma empresa profissional de servi\u00e7os musicais personalizados. Projetamos o ambiente musical mais adequado para cada neg\u00f3cio. Somos especialistas em ambiente musical e marketing sensorial para empresas a n\u00edvel internacional.","og_url":"https:\/\/personal-music.com\/pt-pt\/home\/","og_site_name":"Personal Music","twitter_card":"summary_large_image","schema":{"@context":"https:\/\/schema.org","@graph":[{"@type":"WebPage","@id":"https:\/\/personal-music.com\/pt-pt\/home\/","url":"https:\/\/personal-music.com\/pt-pt\/home\/","name":"Personal Music","isPartOf":{"@id":"https:\/\/personal-music.com\/#website"},"datePublished":"2017-04-03T12:42:00+00:00","description":"Somos uma empresa profissional de servi\u00e7os musicais personalizados. Projetamos o ambiente musical mais adequado para cada neg\u00f3cio. Somos especialistas em ambiente musical e marketing sensorial para empresas a n\u00edvel internacional.","breadcrumb":{"@id":"https:\/\/personal-music.com\/pt-pt\/home\/#breadcrumb"},"inLanguage":"pt-PT","potentialAction":[{"@type":"ReadAction","target":["https:\/\/personal-music.com\/pt-pt\/home\/"]}]},{"@type":"BreadcrumbList","@id":"https:\/\/personal-music.com\/pt-pt\/home\/#breadcrumb","itemListElement":[{"@type":"ListItem","position":1,"name":"Portada","item":"https:\/\/personal-music.com\/pt-pt\/home\/"},{"@type":"ListItem","position":2,"name":"Home"}]},{"@type":"WebSite","@id":"https:\/\/personal-music.com\/#website","url":"https:\/\/personal-music.com\/","name":"Personal Music","description":"MUSIC MARKETING SERVICE","publisher":{"@id":"https:\/\/personal-music.com\/#organization"},"potentialAction":[{"@type":"SearchAction","target":{"@type":"EntryPoint","urlTemplate":"https:\/\/personal-music.com\/?s={search_term_string}"},"query-input":{"@type":"PropertyValueSpecification","valueRequired":true,"valueName":"search_term_string"}}],"inLanguage":"pt-PT"},{"@type":"Organization","@id":"https:\/\/personal-music.com\/#organization","name":"Personal Music","url":"https:\/\/personal-music.com\/","logo":{"@type":"ImageObject","inLanguage":"pt-PT","@id":"https:\/\/personal-music.com\/#\/schema\/logo\/image\/","url":"https:\/\/personal-music.com\/wp-content\/uploads\/2022\/02\/big_icon.jpeg","contentUrl":"https:\/\/personal-music.com\/wp-content\/uploads\/2022\/02\/big_icon.jpeg","width":512,"height":512,"caption":"Personal Music"},"image":{"@id":"https:\/\/personal-music.com\/#\/schema\/logo\/image\/"}}]}},"_links":{"self":[{"href":"https:\/\/personal-music.com\/pt-pt\/wp-json\/wp\/v2\/pages\/913","targetHints":{"allow":["GET"]}}],"collection":[{"href":"https:\/\/personal-music.com\/pt-pt\/wp-json\/wp\/v2\/pages"}],"about":[{"href":"https:\/\/personal-music.com\/pt-pt\/wp-json\/wp\/v2\/types\/page"}],"author":[{"embeddable":true,"href":"https:\/\/personal-music.com\/pt-pt\/wp-json\/wp\/v2\/users\/1"}],"replies":[{"embeddable":true,"href":"https:\/\/personal-music.com\/pt-pt\/wp-json\/wp\/v2\/comments?post=913"}],"version-history":[{"count":0,"href":"https:\/\/personal-music.com\/pt-pt\/wp-json\/wp\/v2\/pages\/913\/revisions"}],"wp:attachment":[{"href":"https:\/\/personal-music.com\/pt-pt\/wp-json\/wp\/v2\/media?parent=913"}],"curies":[{"name":"wp","href":"https:\/\/api.w.org\/{rel}","templated":true}]}}