{"id":803,"date":"2022-02-12T20:18:00","date_gmt":"2022-02-12T20:18:00","guid":{"rendered":"https:\/\/personal-music.com\/politique-de-confidentialite\/"},"modified":"2022-03-28T16:53:50","modified_gmt":"2022-03-28T16:53:50","slug":"politique-de-confidentialite","status":"publish","type":"page","link":"https:\/\/personal-music.com\/fr\/politique-de-confidentialite\/","title":{"rendered":"Politique de confidentialit\u00e9"},"content":{"rendered":"\n<p>Conform\u00e9ment \u00e0 l&rsquo;article 5 de la loi 15\/1999 du 13 D\u00e9cembre sur la protection des donn\u00e9es personnelles , les personnes qui remplissent l&rsquo;air contenu dans ce site que leurs donn\u00e9es personnelles seront incorpor\u00e9es dans les rapports un fichier , appuyez sur le Registre g\u00e9n\u00e9ral de protection des donn\u00e9es , afin de r\u00e9pondre \u00e0 votre demande et vous envoyer des informations sur nos services par courrier \u00e9lectronique ou postal . Responsable de ce dossier est la PERSONAL MUSIC S.L., domicili\u00e9 dans la rue Av. Bertomeu, 46 &#8211; 08193-Bellaterra (Cerdanyola del Vall\u00e8s) Barcelona (Spain) avant qui peut exercer sur les termes de cette l\u00e9gislation , les droits d&rsquo;acc\u00e8s, de rectification, annulation et opposition concernant les informations contenues dans ces fichiers , r\u00e9pondre admin@personal-music.com<\/p>\n\n<p>Toute modification de leurs donn\u00e9es \u00e0 caract\u00e8re personnel doit \u00eatre inform\u00e9 afin que notre base de donn\u00e9es est \u00e0 jour et exempts d&rsquo;erreurs . En outre , en acceptant le pr\u00e9sent avis juridique , reconna\u00eet que les informations et les donn\u00e9es personnelles recueillies sont exactes et v\u00e9ridiques .<\/p>\n\n<p>PERSONAL MUSIC S.L. vous informe qu&rsquo;il a mis en place des mesures de s\u00e9curit\u00e9 technique et d&rsquo;organisation pour assurer la s\u00e9curit\u00e9 de leurs donn\u00e9es personnelles et \u00e9viter leur alt\u00e9ration , perte , traitement et \/ ou acc\u00e8s non autoris\u00e9 .<\/p>\n","protected":false},"excerpt":{"rendered":"<p>Conform\u00e9ment \u00e0 l&rsquo;article 5 de la loi 15\/1999 du 13 D\u00e9cembre sur<a class=\"blog-post-excerpt-more\" href=\"https:\/\/personal-music.com\/fr\/politique-de-confidentialite\/\" rel=\"bookmark\"><i class=\"fa fa-angle-double-right\"><\/i><\/a><\/p>\n","protected":false},"author":1,"featured_media":0,"parent":0,"menu_order":0,"comment_status":"closed","ping_status":"open","template":"page-templates\/page-full-width.php","meta":{"footnotes":""},"class_list":["post-803","page","type-page","status-publish","hentry"],"yoast_head":"<!-- This site is optimized with the Yoast SEO plugin v27.3 - https:\/\/yoast.com\/product\/yoast-seo-wordpress\/ -->\n<title>Politique de confidentialit\u00e9 - Personal Music<\/title>\n<meta name=\"robots\" content=\"noindex, nofollow\" \/>\n<meta property=\"og:locale\" content=\"fr_FR\" \/>\n<meta property=\"og:type\" content=\"article\" \/>\n<meta property=\"og:title\" content=\"Politique de confidentialit\u00e9 - Personal Music\" \/>\n<meta property=\"og:description\" content=\"Conform\u00e9ment \u00e0 l&rsquo;article 5 de la loi 15\/1999 du 13 D\u00e9cembre sur\" \/>\n<meta property=\"og:url\" content=\"https:\/\/personal-music.com\/fr\/politique-de-confidentialite\/\" \/>\n<meta property=\"og:site_name\" content=\"Personal Music\" \/>\n<meta property=\"article:modified_time\" content=\"2022-03-28T16:53:50+00:00\" \/>\n<meta name=\"twitter:card\" content=\"summary_large_image\" \/>\n<meta name=\"twitter:label1\" content=\"Dur\u00e9e de lecture estim\u00e9e\" \/>\n\t<meta name=\"twitter:data1\" content=\"1 minute\" \/>\n<script type=\"application\/ld+json\" class=\"yoast-schema-graph\">{\"@context\":\"https:\\\/\\\/schema.org\",\"@graph\":[{\"@type\":\"WebPage\",\"@id\":\"https:\\\/\\\/personal-music.com\\\/fr\\\/politique-de-confidentialite\\\/\",\"url\":\"https:\\\/\\\/personal-music.com\\\/fr\\\/politique-de-confidentialite\\\/\",\"name\":\"Politique de confidentialit\u00e9 - Personal Music\",\"isPartOf\":{\"@id\":\"https:\\\/\\\/personal-music.com\\\/#website\"},\"datePublished\":\"2022-02-12T20:18:00+00:00\",\"dateModified\":\"2022-03-28T16:53:50+00:00\",\"breadcrumb\":{\"@id\":\"https:\\\/\\\/personal-music.com\\\/fr\\\/politique-de-confidentialite\\\/#breadcrumb\"},\"inLanguage\":\"fr-FR\",\"potentialAction\":[{\"@type\":\"ReadAction\",\"target\":[\"https:\\\/\\\/personal-music.com\\\/fr\\\/politique-de-confidentialite\\\/\"]}]},{\"@type\":\"BreadcrumbList\",\"@id\":\"https:\\\/\\\/personal-music.com\\\/fr\\\/politique-de-confidentialite\\\/#breadcrumb\",\"itemListElement\":[{\"@type\":\"ListItem\",\"position\":1,\"name\":\"Portada\",\"item\":\"https:\\\/\\\/personal-music.com\\\/fr\\\/accueil\\\/\"},{\"@type\":\"ListItem\",\"position\":2,\"name\":\"Politique de confidentialit\u00e9\"}]},{\"@type\":\"WebSite\",\"@id\":\"https:\\\/\\\/personal-music.com\\\/#website\",\"url\":\"https:\\\/\\\/personal-music.com\\\/\",\"name\":\"Personal Music\",\"description\":\"MUSIC MARKETING SERVICE\",\"publisher\":{\"@id\":\"https:\\\/\\\/personal-music.com\\\/#organization\"},\"potentialAction\":[{\"@type\":\"SearchAction\",\"target\":{\"@type\":\"EntryPoint\",\"urlTemplate\":\"https:\\\/\\\/personal-music.com\\\/?s={search_term_string}\"},\"query-input\":{\"@type\":\"PropertyValueSpecification\",\"valueRequired\":true,\"valueName\":\"search_term_string\"}}],\"inLanguage\":\"fr-FR\"},{\"@type\":\"Organization\",\"@id\":\"https:\\\/\\\/personal-music.com\\\/#organization\",\"name\":\"Personal Music\",\"url\":\"https:\\\/\\\/personal-music.com\\\/\",\"logo\":{\"@type\":\"ImageObject\",\"inLanguage\":\"fr-FR\",\"@id\":\"https:\\\/\\\/personal-music.com\\\/#\\\/schema\\\/logo\\\/image\\\/\",\"url\":\"https:\\\/\\\/personal-music.com\\\/wp-content\\\/uploads\\\/2022\\\/02\\\/big_icon.jpeg\",\"contentUrl\":\"https:\\\/\\\/personal-music.com\\\/wp-content\\\/uploads\\\/2022\\\/02\\\/big_icon.jpeg\",\"width\":512,\"height\":512,\"caption\":\"Personal Music\"},\"image\":{\"@id\":\"https:\\\/\\\/personal-music.com\\\/#\\\/schema\\\/logo\\\/image\\\/\"}}]}<\/script>\n<!-- \/ Yoast SEO plugin. -->","yoast_head_json":{"title":"Politique de confidentialit\u00e9 - Personal Music","robots":{"index":"noindex","follow":"nofollow"},"og_locale":"fr_FR","og_type":"article","og_title":"Politique de confidentialit\u00e9 - Personal Music","og_description":"Conform\u00e9ment \u00e0 l&rsquo;article 5 de la loi 15\/1999 du 13 D\u00e9cembre sur","og_url":"https:\/\/personal-music.com\/fr\/politique-de-confidentialite\/","og_site_name":"Personal Music","article_modified_time":"2022-03-28T16:53:50+00:00","twitter_card":"summary_large_image","twitter_misc":{"Dur\u00e9e de lecture estim\u00e9e":"1 minute"},"schema":{"@context":"https:\/\/schema.org","@graph":[{"@type":"WebPage","@id":"https:\/\/personal-music.com\/fr\/politique-de-confidentialite\/","url":"https:\/\/personal-music.com\/fr\/politique-de-confidentialite\/","name":"Politique de confidentialit\u00e9 - Personal Music","isPartOf":{"@id":"https:\/\/personal-music.com\/#website"},"datePublished":"2022-02-12T20:18:00+00:00","dateModified":"2022-03-28T16:53:50+00:00","breadcrumb":{"@id":"https:\/\/personal-music.com\/fr\/politique-de-confidentialite\/#breadcrumb"},"inLanguage":"fr-FR","potentialAction":[{"@type":"ReadAction","target":["https:\/\/personal-music.com\/fr\/politique-de-confidentialite\/"]}]},{"@type":"BreadcrumbList","@id":"https:\/\/personal-music.com\/fr\/politique-de-confidentialite\/#breadcrumb","itemListElement":[{"@type":"ListItem","position":1,"name":"Portada","item":"https:\/\/personal-music.com\/fr\/accueil\/"},{"@type":"ListItem","position":2,"name":"Politique de confidentialit\u00e9"}]},{"@type":"WebSite","@id":"https:\/\/personal-music.com\/#website","url":"https:\/\/personal-music.com\/","name":"Personal Music","description":"MUSIC MARKETING SERVICE","publisher":{"@id":"https:\/\/personal-music.com\/#organization"},"potentialAction":[{"@type":"SearchAction","target":{"@type":"EntryPoint","urlTemplate":"https:\/\/personal-music.com\/?s={search_term_string}"},"query-input":{"@type":"PropertyValueSpecification","valueRequired":true,"valueName":"search_term_string"}}],"inLanguage":"fr-FR"},{"@type":"Organization","@id":"https:\/\/personal-music.com\/#organization","name":"Personal Music","url":"https:\/\/personal-music.com\/","logo":{"@type":"ImageObject","inLanguage":"fr-FR","@id":"https:\/\/personal-music.com\/#\/schema\/logo\/image\/","url":"https:\/\/personal-music.com\/wp-content\/uploads\/2022\/02\/big_icon.jpeg","contentUrl":"https:\/\/personal-music.com\/wp-content\/uploads\/2022\/02\/big_icon.jpeg","width":512,"height":512,"caption":"Personal Music"},"image":{"@id":"https:\/\/personal-music.com\/#\/schema\/logo\/image\/"}}]}},"_links":{"self":[{"href":"https:\/\/personal-music.com\/fr\/wp-json\/wp\/v2\/pages\/803","targetHints":{"allow":["GET"]}}],"collection":[{"href":"https:\/\/personal-music.com\/fr\/wp-json\/wp\/v2\/pages"}],"about":[{"href":"https:\/\/personal-music.com\/fr\/wp-json\/wp\/v2\/types\/page"}],"author":[{"embeddable":true,"href":"https:\/\/personal-music.com\/fr\/wp-json\/wp\/v2\/users\/1"}],"replies":[{"embeddable":true,"href":"https:\/\/personal-music.com\/fr\/wp-json\/wp\/v2\/comments?post=803"}],"version-history":[{"count":1,"href":"https:\/\/personal-music.com\/fr\/wp-json\/wp\/v2\/pages\/803\/revisions"}],"predecessor-version":[{"id":804,"href":"https:\/\/personal-music.com\/fr\/wp-json\/wp\/v2\/pages\/803\/revisions\/804"}],"wp:attachment":[{"href":"https:\/\/personal-music.com\/fr\/wp-json\/wp\/v2\/media?parent=803"}],"curies":[{"name":"wp","href":"https:\/\/api.w.org\/{rel}","templated":true}]}}