{"id":801,"date":"2022-03-09T12:04:46","date_gmt":"2022-03-09T12:04:46","guid":{"rendered":"https:\/\/personal-music.com\/mentions-legales\/"},"modified":"2022-03-28T16:51:50","modified_gmt":"2022-03-28T16:51:50","slug":"mentions-legales","status":"publish","type":"page","link":"https:\/\/personal-music.com\/fr\/mentions-legales\/","title":{"rendered":"Mentions l\u00e9gales"},"content":{"rendered":"\n<p>Conform\u00e9ment \u00e0 la loi 34\/2002 du 11 Juillet, Services soci\u00e9t\u00e9 de l&rsquo;information et le commerce \u00e9lectronique , nous fournissons pr\u00e9sente des informations g\u00e9n\u00e9rales sur ce site :<\/p>\n\n<p><strong>Titre: PERSONAL MUSIC S.L.<br\/>CIF: B64185259<br\/>Adresse: Av. Bertomeu, 46 &#8211; <\/strong><strong>08193-Bellaterra (Cerdanyola del Vall\u00e8s) Barcelona (Spain)<br\/>T\u00e9l\u00e9phone: +34935543700<br\/>Email: info@personal-music.com<\/strong><\/p>\n\n<p><strong>D\u00e9tails de registre. Inscrivez avec<\/strong>:<br\/>Notaire de jour Barcelona M. Ildefonso Sanchez Prat Avril 12 2006, num\u00e9ro de protocole 1149 ; Enregistr\u00e9e dans le Registre du Commerce de Barcelone , tome 38589 , folio 97 , page B -327 794 .<\/p>\n\n<p>PERSONAL MUSIC S.L. n&rsquo;est pas responsable du contenu ou des donn\u00e9es qui peuvent \u00eatre collect\u00e9es dans les liens de tiers qui apparaissent sur son site Internet . Le but de ces est de permettre \u00e0 la recherche d&rsquo;informations plus rapidement et efficacement que possible et c&rsquo;est pourquoi nous sommes dot\u00e9s d&rsquo;autre but que de strictement informatif .<\/p>\n\n<p>Voici les termes d&rsquo;un accord juridique \u00e9tabli entre l&rsquo;utilisateur et musique personnelle SL . Appara\u00eetre En acc\u00e9dant et \/ ou en utilisant ce site , vous signifiez que vous avez lu , compris et accept\u00e9 ces conditions et de respecter toutes applicable .<\/p>\n\n<p>L&rsquo;acc\u00e8s et l&rsquo; utilisation du site est gratuit pour les utilisateurs et ne n\u00e9cessitent pas d&rsquo;enregistrement pr\u00e9alable .<br\/><br\/>Toute reproduction, copie , utilisation , distribution, commercialisation , communication publique ou toute autre activit\u00e9 qui peut \u00eatre r\u00e9alis\u00e9e avec les informations contenues dans ce site Web et qui est faite sans l&rsquo;autorisation pr\u00e9alable de musique personnelle SL , est une infraction punissable par l\u00e9gislation .<\/p>\n\n<p>Les noms et les logos affich\u00e9s sur cette page sont des marques d\u00e9pos\u00e9es .<\/p>\n\n<p>PERSONAL MUSIC S.L.n&rsquo;est pas responsable de la mauvaise utilisation du contenu de ce site et se r\u00e9serve le droit de mettre \u00e0 jour , supprimer les limitations ou restreindre votre acc\u00e8s \u00e0 tout moment , temporairement ou d\u00e9finitivement.<br\/><br\/>PERSONAL MUSIC S.L. n&rsquo;est pas responsable du contenu ou des donn\u00e9es qui peuvent \u00eatre collect\u00e9es dans les liens de tiers qui apparaissent sur son site Internet . Le but de ces est de permettre \u00e0 la recherche d&rsquo;informations plus rapidement et efficacement que possible et c&rsquo;est pourquoi il nous est donn\u00e9 d&rsquo;autre but que de strictement informatif .<\/p>\n","protected":false},"excerpt":{"rendered":"<p>Conform\u00e9ment \u00e0 la loi 34\/2002 du 11 Juillet, Services soci\u00e9t\u00e9 de l&rsquo;information<a class=\"blog-post-excerpt-more\" href=\"https:\/\/personal-music.com\/fr\/mentions-legales\/\" rel=\"bookmark\"><i class=\"fa fa-angle-double-right\"><\/i><\/a><\/p>\n","protected":false},"author":1,"featured_media":0,"parent":0,"menu_order":0,"comment_status":"closed","ping_status":"closed","template":"page-templates\/page-full-width.php","meta":{"footnotes":""},"class_list":["post-801","page","type-page","status-publish","hentry"],"yoast_head":"<!-- This site is optimized with the Yoast SEO plugin v27.3 - https:\/\/yoast.com\/product\/yoast-seo-wordpress\/ -->\n<title>Mentions l\u00e9gales - Personal Music<\/title>\n<meta name=\"robots\" content=\"index, follow, max-snippet:-1, max-image-preview:large, max-video-preview:-1\" \/>\n<link rel=\"canonical\" href=\"https:\/\/personal-music.com\/fr\/mentions-legales\/\" \/>\n<meta property=\"og:locale\" content=\"fr_FR\" \/>\n<meta property=\"og:type\" content=\"article\" \/>\n<meta property=\"og:title\" content=\"Mentions l\u00e9gales - Personal Music\" \/>\n<meta property=\"og:description\" content=\"Conform\u00e9ment \u00e0 la loi 34\/2002 du 11 Juillet, Services soci\u00e9t\u00e9 de l&rsquo;information\" \/>\n<meta property=\"og:url\" content=\"https:\/\/personal-music.com\/fr\/mentions-legales\/\" \/>\n<meta property=\"og:site_name\" content=\"Personal Music\" \/>\n<meta property=\"article:modified_time\" content=\"2022-03-28T16:51:50+00:00\" \/>\n<meta name=\"twitter:card\" content=\"summary_large_image\" \/>\n<meta name=\"twitter:label1\" content=\"Dur\u00e9e de lecture estim\u00e9e\" \/>\n\t<meta name=\"twitter:data1\" content=\"2 minutes\" \/>\n<script type=\"application\/ld+json\" class=\"yoast-schema-graph\">{\"@context\":\"https:\\\/\\\/schema.org\",\"@graph\":[{\"@type\":\"WebPage\",\"@id\":\"https:\\\/\\\/personal-music.com\\\/fr\\\/mentions-legales\\\/\",\"url\":\"https:\\\/\\\/personal-music.com\\\/fr\\\/mentions-legales\\\/\",\"name\":\"Mentions l\u00e9gales - Personal Music\",\"isPartOf\":{\"@id\":\"https:\\\/\\\/personal-music.com\\\/#website\"},\"datePublished\":\"2022-03-09T12:04:46+00:00\",\"dateModified\":\"2022-03-28T16:51:50+00:00\",\"breadcrumb\":{\"@id\":\"https:\\\/\\\/personal-music.com\\\/fr\\\/mentions-legales\\\/#breadcrumb\"},\"inLanguage\":\"fr-FR\",\"potentialAction\":[{\"@type\":\"ReadAction\",\"target\":[\"https:\\\/\\\/personal-music.com\\\/fr\\\/mentions-legales\\\/\"]}]},{\"@type\":\"BreadcrumbList\",\"@id\":\"https:\\\/\\\/personal-music.com\\\/fr\\\/mentions-legales\\\/#breadcrumb\",\"itemListElement\":[{\"@type\":\"ListItem\",\"position\":1,\"name\":\"Portada\",\"item\":\"https:\\\/\\\/personal-music.com\\\/fr\\\/accueil\\\/\"},{\"@type\":\"ListItem\",\"position\":2,\"name\":\"Mentions l\u00e9gales\"}]},{\"@type\":\"WebSite\",\"@id\":\"https:\\\/\\\/personal-music.com\\\/#website\",\"url\":\"https:\\\/\\\/personal-music.com\\\/\",\"name\":\"Personal Music\",\"description\":\"MUSIC MARKETING SERVICE\",\"publisher\":{\"@id\":\"https:\\\/\\\/personal-music.com\\\/#organization\"},\"potentialAction\":[{\"@type\":\"SearchAction\",\"target\":{\"@type\":\"EntryPoint\",\"urlTemplate\":\"https:\\\/\\\/personal-music.com\\\/?s={search_term_string}\"},\"query-input\":{\"@type\":\"PropertyValueSpecification\",\"valueRequired\":true,\"valueName\":\"search_term_string\"}}],\"inLanguage\":\"fr-FR\"},{\"@type\":\"Organization\",\"@id\":\"https:\\\/\\\/personal-music.com\\\/#organization\",\"name\":\"Personal Music\",\"url\":\"https:\\\/\\\/personal-music.com\\\/\",\"logo\":{\"@type\":\"ImageObject\",\"inLanguage\":\"fr-FR\",\"@id\":\"https:\\\/\\\/personal-music.com\\\/#\\\/schema\\\/logo\\\/image\\\/\",\"url\":\"https:\\\/\\\/personal-music.com\\\/wp-content\\\/uploads\\\/2022\\\/02\\\/big_icon.jpeg\",\"contentUrl\":\"https:\\\/\\\/personal-music.com\\\/wp-content\\\/uploads\\\/2022\\\/02\\\/big_icon.jpeg\",\"width\":512,\"height\":512,\"caption\":\"Personal Music\"},\"image\":{\"@id\":\"https:\\\/\\\/personal-music.com\\\/#\\\/schema\\\/logo\\\/image\\\/\"}}]}<\/script>\n<!-- \/ Yoast SEO plugin. -->","yoast_head_json":{"title":"Mentions l\u00e9gales - Personal Music","robots":{"index":"index","follow":"follow","max-snippet":"max-snippet:-1","max-image-preview":"max-image-preview:large","max-video-preview":"max-video-preview:-1"},"canonical":"https:\/\/personal-music.com\/fr\/mentions-legales\/","og_locale":"fr_FR","og_type":"article","og_title":"Mentions l\u00e9gales - Personal Music","og_description":"Conform\u00e9ment \u00e0 la loi 34\/2002 du 11 Juillet, Services soci\u00e9t\u00e9 de l&rsquo;information","og_url":"https:\/\/personal-music.com\/fr\/mentions-legales\/","og_site_name":"Personal Music","article_modified_time":"2022-03-28T16:51:50+00:00","twitter_card":"summary_large_image","twitter_misc":{"Dur\u00e9e de lecture estim\u00e9e":"2 minutes"},"schema":{"@context":"https:\/\/schema.org","@graph":[{"@type":"WebPage","@id":"https:\/\/personal-music.com\/fr\/mentions-legales\/","url":"https:\/\/personal-music.com\/fr\/mentions-legales\/","name":"Mentions l\u00e9gales - Personal Music","isPartOf":{"@id":"https:\/\/personal-music.com\/#website"},"datePublished":"2022-03-09T12:04:46+00:00","dateModified":"2022-03-28T16:51:50+00:00","breadcrumb":{"@id":"https:\/\/personal-music.com\/fr\/mentions-legales\/#breadcrumb"},"inLanguage":"fr-FR","potentialAction":[{"@type":"ReadAction","target":["https:\/\/personal-music.com\/fr\/mentions-legales\/"]}]},{"@type":"BreadcrumbList","@id":"https:\/\/personal-music.com\/fr\/mentions-legales\/#breadcrumb","itemListElement":[{"@type":"ListItem","position":1,"name":"Portada","item":"https:\/\/personal-music.com\/fr\/accueil\/"},{"@type":"ListItem","position":2,"name":"Mentions l\u00e9gales"}]},{"@type":"WebSite","@id":"https:\/\/personal-music.com\/#website","url":"https:\/\/personal-music.com\/","name":"Personal Music","description":"MUSIC MARKETING SERVICE","publisher":{"@id":"https:\/\/personal-music.com\/#organization"},"potentialAction":[{"@type":"SearchAction","target":{"@type":"EntryPoint","urlTemplate":"https:\/\/personal-music.com\/?s={search_term_string}"},"query-input":{"@type":"PropertyValueSpecification","valueRequired":true,"valueName":"search_term_string"}}],"inLanguage":"fr-FR"},{"@type":"Organization","@id":"https:\/\/personal-music.com\/#organization","name":"Personal Music","url":"https:\/\/personal-music.com\/","logo":{"@type":"ImageObject","inLanguage":"fr-FR","@id":"https:\/\/personal-music.com\/#\/schema\/logo\/image\/","url":"https:\/\/personal-music.com\/wp-content\/uploads\/2022\/02\/big_icon.jpeg","contentUrl":"https:\/\/personal-music.com\/wp-content\/uploads\/2022\/02\/big_icon.jpeg","width":512,"height":512,"caption":"Personal Music"},"image":{"@id":"https:\/\/personal-music.com\/#\/schema\/logo\/image\/"}}]}},"_links":{"self":[{"href":"https:\/\/personal-music.com\/fr\/wp-json\/wp\/v2\/pages\/801","targetHints":{"allow":["GET"]}}],"collection":[{"href":"https:\/\/personal-music.com\/fr\/wp-json\/wp\/v2\/pages"}],"about":[{"href":"https:\/\/personal-music.com\/fr\/wp-json\/wp\/v2\/types\/page"}],"author":[{"embeddable":true,"href":"https:\/\/personal-music.com\/fr\/wp-json\/wp\/v2\/users\/1"}],"replies":[{"embeddable":true,"href":"https:\/\/personal-music.com\/fr\/wp-json\/wp\/v2\/comments?post=801"}],"version-history":[{"count":1,"href":"https:\/\/personal-music.com\/fr\/wp-json\/wp\/v2\/pages\/801\/revisions"}],"predecessor-version":[{"id":802,"href":"https:\/\/personal-music.com\/fr\/wp-json\/wp\/v2\/pages\/801\/revisions\/802"}],"wp:attachment":[{"href":"https:\/\/personal-music.com\/fr\/wp-json\/wp\/v2\/media?parent=801"}],"curies":[{"name":"wp","href":"https:\/\/api.w.org\/{rel}","templated":true}]}}