{"id":793,"date":"2017-04-03T12:42:00","date_gmt":"2017-04-03T12:42:00","guid":{"rendered":"https:\/\/personal-music.com\/accueil\/"},"modified":"2022-04-12T15:02:40","modified_gmt":"2022-04-12T15:02:40","slug":"accueil","status":"publish","type":"page","link":"https:\/\/personal-music.com\/fr\/","title":{"rendered":"Accueil"},"content":{"rendered":"","protected":false},"excerpt":{"rendered":"","protected":false},"author":1,"featured_media":0,"parent":0,"menu_order":0,"comment_status":"closed","ping_status":"closed","template":"page-templates\/page-one-page.php","meta":{"footnotes":""},"class_list":["post-793","page","type-page","status-publish","hentry"],"yoast_head":"<!-- This site is optimized with the Yoast SEO plugin v27.3 - https:\/\/yoast.com\/product\/yoast-seo-wordpress\/ -->\n<title>Personal Music<\/title>\n<meta name=\"description\" content=\"Nous sommes une entreprise professionnelle de services musicaux personnalis\u00e9s. Nous concevons l&#039;environnement musical le plus adapt\u00e9 \u00e0 chaque entreprise. Nous sommes experts en musique ambiante et en marketing sensoriel pour des entreprises internationales.\" \/>\n<meta name=\"robots\" content=\"index, follow, max-snippet:-1, max-image-preview:large, max-video-preview:-1\" \/>\n<link rel=\"canonical\" href=\"https:\/\/personal-music.com\/fr\/accueil\/\" \/>\n<meta property=\"og:locale\" content=\"fr_FR\" \/>\n<meta property=\"og:type\" content=\"article\" \/>\n<meta property=\"og:title\" content=\"Personal Music\" \/>\n<meta property=\"og:description\" content=\"Nous sommes une entreprise professionnelle de services musicaux personnalis\u00e9s. Nous concevons l&#039;environnement musical le plus adapt\u00e9 \u00e0 chaque entreprise. Nous sommes experts en musique ambiante et en marketing sensoriel pour des entreprises internationales.\" \/>\n<meta property=\"og:url\" content=\"https:\/\/personal-music.com\/fr\/accueil\/\" \/>\n<meta property=\"og:site_name\" content=\"Personal Music\" \/>\n<meta property=\"article:modified_time\" content=\"2022-04-12T15:02:40+00:00\" \/>\n<meta name=\"twitter:card\" content=\"summary_large_image\" \/>\n<script type=\"application\/ld+json\" class=\"yoast-schema-graph\">{\"@context\":\"https:\\\/\\\/schema.org\",\"@graph\":[{\"@type\":\"WebPage\",\"@id\":\"https:\\\/\\\/personal-music.com\\\/fr\\\/accueil\\\/\",\"url\":\"https:\\\/\\\/personal-music.com\\\/fr\\\/accueil\\\/\",\"name\":\"Personal Music\",\"isPartOf\":{\"@id\":\"https:\\\/\\\/personal-music.com\\\/#website\"},\"datePublished\":\"2017-04-03T12:42:00+00:00\",\"dateModified\":\"2022-04-12T15:02:40+00:00\",\"description\":\"Nous sommes une entreprise professionnelle de services musicaux personnalis\u00e9s. Nous concevons l'environnement musical le plus adapt\u00e9 \u00e0 chaque entreprise. Nous sommes experts en musique ambiante et en marketing sensoriel pour des entreprises internationales.\",\"breadcrumb\":{\"@id\":\"https:\\\/\\\/personal-music.com\\\/fr\\\/accueil\\\/#breadcrumb\"},\"inLanguage\":\"fr-FR\",\"potentialAction\":[{\"@type\":\"ReadAction\",\"target\":[\"https:\\\/\\\/personal-music.com\\\/fr\\\/accueil\\\/\"]}]},{\"@type\":\"BreadcrumbList\",\"@id\":\"https:\\\/\\\/personal-music.com\\\/fr\\\/accueil\\\/#breadcrumb\",\"itemListElement\":[{\"@type\":\"ListItem\",\"position\":1,\"name\":\"Portada\",\"item\":\"https:\\\/\\\/personal-music.com\\\/fr\\\/accueil\\\/\"},{\"@type\":\"ListItem\",\"position\":2,\"name\":\"Accueil\"}]},{\"@type\":\"WebSite\",\"@id\":\"https:\\\/\\\/personal-music.com\\\/#website\",\"url\":\"https:\\\/\\\/personal-music.com\\\/\",\"name\":\"Personal Music\",\"description\":\"MUSIC MARKETING SERVICE\",\"publisher\":{\"@id\":\"https:\\\/\\\/personal-music.com\\\/#organization\"},\"potentialAction\":[{\"@type\":\"SearchAction\",\"target\":{\"@type\":\"EntryPoint\",\"urlTemplate\":\"https:\\\/\\\/personal-music.com\\\/?s={search_term_string}\"},\"query-input\":{\"@type\":\"PropertyValueSpecification\",\"valueRequired\":true,\"valueName\":\"search_term_string\"}}],\"inLanguage\":\"fr-FR\"},{\"@type\":\"Organization\",\"@id\":\"https:\\\/\\\/personal-music.com\\\/#organization\",\"name\":\"Personal Music\",\"url\":\"https:\\\/\\\/personal-music.com\\\/\",\"logo\":{\"@type\":\"ImageObject\",\"inLanguage\":\"fr-FR\",\"@id\":\"https:\\\/\\\/personal-music.com\\\/#\\\/schema\\\/logo\\\/image\\\/\",\"url\":\"https:\\\/\\\/personal-music.com\\\/wp-content\\\/uploads\\\/2022\\\/02\\\/big_icon.jpeg\",\"contentUrl\":\"https:\\\/\\\/personal-music.com\\\/wp-content\\\/uploads\\\/2022\\\/02\\\/big_icon.jpeg\",\"width\":512,\"height\":512,\"caption\":\"Personal Music\"},\"image\":{\"@id\":\"https:\\\/\\\/personal-music.com\\\/#\\\/schema\\\/logo\\\/image\\\/\"}}]}<\/script>\n<!-- \/ Yoast SEO plugin. -->","yoast_head_json":{"title":"Personal Music","description":"Nous sommes une entreprise professionnelle de services musicaux personnalis\u00e9s. Nous concevons l'environnement musical le plus adapt\u00e9 \u00e0 chaque entreprise. Nous sommes experts en musique ambiante et en marketing sensoriel pour des entreprises internationales.","robots":{"index":"index","follow":"follow","max-snippet":"max-snippet:-1","max-image-preview":"max-image-preview:large","max-video-preview":"max-video-preview:-1"},"canonical":"https:\/\/personal-music.com\/fr\/accueil\/","og_locale":"fr_FR","og_type":"article","og_title":"Personal Music","og_description":"Nous sommes une entreprise professionnelle de services musicaux personnalis\u00e9s. Nous concevons l'environnement musical le plus adapt\u00e9 \u00e0 chaque entreprise. Nous sommes experts en musique ambiante et en marketing sensoriel pour des entreprises internationales.","og_url":"https:\/\/personal-music.com\/fr\/accueil\/","og_site_name":"Personal Music","article_modified_time":"2022-04-12T15:02:40+00:00","twitter_card":"summary_large_image","schema":{"@context":"https:\/\/schema.org","@graph":[{"@type":"WebPage","@id":"https:\/\/personal-music.com\/fr\/accueil\/","url":"https:\/\/personal-music.com\/fr\/accueil\/","name":"Personal Music","isPartOf":{"@id":"https:\/\/personal-music.com\/#website"},"datePublished":"2017-04-03T12:42:00+00:00","dateModified":"2022-04-12T15:02:40+00:00","description":"Nous sommes une entreprise professionnelle de services musicaux personnalis\u00e9s. Nous concevons l'environnement musical le plus adapt\u00e9 \u00e0 chaque entreprise. Nous sommes experts en musique ambiante et en marketing sensoriel pour des entreprises internationales.","breadcrumb":{"@id":"https:\/\/personal-music.com\/fr\/accueil\/#breadcrumb"},"inLanguage":"fr-FR","potentialAction":[{"@type":"ReadAction","target":["https:\/\/personal-music.com\/fr\/accueil\/"]}]},{"@type":"BreadcrumbList","@id":"https:\/\/personal-music.com\/fr\/accueil\/#breadcrumb","itemListElement":[{"@type":"ListItem","position":1,"name":"Portada","item":"https:\/\/personal-music.com\/fr\/accueil\/"},{"@type":"ListItem","position":2,"name":"Accueil"}]},{"@type":"WebSite","@id":"https:\/\/personal-music.com\/#website","url":"https:\/\/personal-music.com\/","name":"Personal Music","description":"MUSIC MARKETING SERVICE","publisher":{"@id":"https:\/\/personal-music.com\/#organization"},"potentialAction":[{"@type":"SearchAction","target":{"@type":"EntryPoint","urlTemplate":"https:\/\/personal-music.com\/?s={search_term_string}"},"query-input":{"@type":"PropertyValueSpecification","valueRequired":true,"valueName":"search_term_string"}}],"inLanguage":"fr-FR"},{"@type":"Organization","@id":"https:\/\/personal-music.com\/#organization","name":"Personal Music","url":"https:\/\/personal-music.com\/","logo":{"@type":"ImageObject","inLanguage":"fr-FR","@id":"https:\/\/personal-music.com\/#\/schema\/logo\/image\/","url":"https:\/\/personal-music.com\/wp-content\/uploads\/2022\/02\/big_icon.jpeg","contentUrl":"https:\/\/personal-music.com\/wp-content\/uploads\/2022\/02\/big_icon.jpeg","width":512,"height":512,"caption":"Personal Music"},"image":{"@id":"https:\/\/personal-music.com\/#\/schema\/logo\/image\/"}}]}},"_links":{"self":[{"href":"https:\/\/personal-music.com\/fr\/wp-json\/wp\/v2\/pages\/793","targetHints":{"allow":["GET"]}}],"collection":[{"href":"https:\/\/personal-music.com\/fr\/wp-json\/wp\/v2\/pages"}],"about":[{"href":"https:\/\/personal-music.com\/fr\/wp-json\/wp\/v2\/types\/page"}],"author":[{"embeddable":true,"href":"https:\/\/personal-music.com\/fr\/wp-json\/wp\/v2\/users\/1"}],"replies":[{"embeddable":true,"href":"https:\/\/personal-music.com\/fr\/wp-json\/wp\/v2\/comments?post=793"}],"version-history":[{"count":1,"href":"https:\/\/personal-music.com\/fr\/wp-json\/wp\/v2\/pages\/793\/revisions"}],"predecessor-version":[{"id":914,"href":"https:\/\/personal-music.com\/fr\/wp-json\/wp\/v2\/pages\/793\/revisions\/914"}],"wp:attachment":[{"href":"https:\/\/personal-music.com\/fr\/wp-json\/wp\/v2\/media?parent=793"}],"curies":[{"name":"wp","href":"https:\/\/api.w.org\/{rel}","templated":true}]}}