{"id":795,"date":"2017-04-03T12:42:00","date_gmt":"2017-04-03T12:42:00","guid":{"rendered":"https:\/\/personal-music.com\/startseite\/"},"modified":"2022-04-12T15:03:14","modified_gmt":"2022-04-12T15:03:14","slug":"startseite","status":"publish","type":"page","link":"https:\/\/personal-music.com\/de\/","title":{"rendered":"Startseite"},"content":{"rendered":"","protected":false},"excerpt":{"rendered":"","protected":false},"author":1,"featured_media":0,"parent":0,"menu_order":0,"comment_status":"closed","ping_status":"closed","template":"page-templates\/page-one-page.php","meta":{"footnotes":""},"class_list":["post-795","page","type-page","status-publish","hentry"],"yoast_head":"<!-- This site is optimized with the Yoast SEO plugin v27.3 - https:\/\/yoast.com\/product\/yoast-seo-wordpress\/ -->\n<title>Personal Music<\/title>\n<meta name=\"description\" content=\"Wir sind ein professionelles Unternehmen f\u00fcr personalisierte Musikdienste. Wir entwerfen f\u00fcr jedes Unternehmen die am besten geeignete musikalische Umgebung. Wir sind Experten f\u00fcr Ambient-Musik und sensorisches Marketing f\u00fcr internationale Unternehmen.\" \/>\n<meta name=\"robots\" content=\"index, follow, max-snippet:-1, max-image-preview:large, max-video-preview:-1\" \/>\n<link rel=\"canonical\" href=\"https:\/\/personal-music.com\/de\/startseite\/\" \/>\n<meta property=\"og:locale\" content=\"de_DE\" \/>\n<meta property=\"og:type\" content=\"article\" \/>\n<meta property=\"og:title\" content=\"Personal Music\" \/>\n<meta property=\"og:description\" content=\"Wir sind ein professionelles Unternehmen f\u00fcr personalisierte Musikdienste. Wir entwerfen f\u00fcr jedes Unternehmen die am besten geeignete musikalische Umgebung. Wir sind Experten f\u00fcr Ambient-Musik und sensorisches Marketing f\u00fcr internationale Unternehmen.\" \/>\n<meta property=\"og:url\" content=\"https:\/\/personal-music.com\/de\/startseite\/\" \/>\n<meta property=\"og:site_name\" content=\"Personal Music\" \/>\n<meta property=\"article:modified_time\" content=\"2022-04-12T15:03:14+00:00\" \/>\n<meta name=\"twitter:card\" content=\"summary_large_image\" \/>\n<script type=\"application\/ld+json\" class=\"yoast-schema-graph\">{\"@context\":\"https:\\\/\\\/schema.org\",\"@graph\":[{\"@type\":\"WebPage\",\"@id\":\"https:\\\/\\\/personal-music.com\\\/de\\\/startseite\\\/\",\"url\":\"https:\\\/\\\/personal-music.com\\\/de\\\/startseite\\\/\",\"name\":\"Personal Music\",\"isPartOf\":{\"@id\":\"https:\\\/\\\/personal-music.com\\\/#website\"},\"datePublished\":\"2017-04-03T12:42:00+00:00\",\"dateModified\":\"2022-04-12T15:03:14+00:00\",\"description\":\"Wir sind ein professionelles Unternehmen f\u00fcr personalisierte Musikdienste. Wir entwerfen f\u00fcr jedes Unternehmen die am besten geeignete musikalische Umgebung. Wir sind Experten f\u00fcr Ambient-Musik und sensorisches Marketing f\u00fcr internationale Unternehmen.\",\"breadcrumb\":{\"@id\":\"https:\\\/\\\/personal-music.com\\\/de\\\/startseite\\\/#breadcrumb\"},\"inLanguage\":\"de\",\"potentialAction\":[{\"@type\":\"ReadAction\",\"target\":[\"https:\\\/\\\/personal-music.com\\\/de\\\/startseite\\\/\"]}]},{\"@type\":\"BreadcrumbList\",\"@id\":\"https:\\\/\\\/personal-music.com\\\/de\\\/startseite\\\/#breadcrumb\",\"itemListElement\":[{\"@type\":\"ListItem\",\"position\":1,\"name\":\"Portada\",\"item\":\"https:\\\/\\\/personal-music.com\\\/de\\\/startseite\\\/\"},{\"@type\":\"ListItem\",\"position\":2,\"name\":\"Startseite\"}]},{\"@type\":\"WebSite\",\"@id\":\"https:\\\/\\\/personal-music.com\\\/#website\",\"url\":\"https:\\\/\\\/personal-music.com\\\/\",\"name\":\"Personal Music\",\"description\":\"MUSIC MARKETING SERVICE\",\"publisher\":{\"@id\":\"https:\\\/\\\/personal-music.com\\\/#organization\"},\"potentialAction\":[{\"@type\":\"SearchAction\",\"target\":{\"@type\":\"EntryPoint\",\"urlTemplate\":\"https:\\\/\\\/personal-music.com\\\/?s={search_term_string}\"},\"query-input\":{\"@type\":\"PropertyValueSpecification\",\"valueRequired\":true,\"valueName\":\"search_term_string\"}}],\"inLanguage\":\"de\"},{\"@type\":\"Organization\",\"@id\":\"https:\\\/\\\/personal-music.com\\\/#organization\",\"name\":\"Personal Music\",\"url\":\"https:\\\/\\\/personal-music.com\\\/\",\"logo\":{\"@type\":\"ImageObject\",\"inLanguage\":\"de\",\"@id\":\"https:\\\/\\\/personal-music.com\\\/#\\\/schema\\\/logo\\\/image\\\/\",\"url\":\"https:\\\/\\\/personal-music.com\\\/wp-content\\\/uploads\\\/2022\\\/02\\\/big_icon.jpeg\",\"contentUrl\":\"https:\\\/\\\/personal-music.com\\\/wp-content\\\/uploads\\\/2022\\\/02\\\/big_icon.jpeg\",\"width\":512,\"height\":512,\"caption\":\"Personal Music\"},\"image\":{\"@id\":\"https:\\\/\\\/personal-music.com\\\/#\\\/schema\\\/logo\\\/image\\\/\"}}]}<\/script>\n<!-- \/ Yoast SEO plugin. -->","yoast_head_json":{"title":"Personal Music","description":"Wir sind ein professionelles Unternehmen f\u00fcr personalisierte Musikdienste. Wir entwerfen f\u00fcr jedes Unternehmen die am besten geeignete musikalische Umgebung. Wir sind Experten f\u00fcr Ambient-Musik und sensorisches Marketing f\u00fcr internationale Unternehmen.","robots":{"index":"index","follow":"follow","max-snippet":"max-snippet:-1","max-image-preview":"max-image-preview:large","max-video-preview":"max-video-preview:-1"},"canonical":"https:\/\/personal-music.com\/de\/startseite\/","og_locale":"de_DE","og_type":"article","og_title":"Personal Music","og_description":"Wir sind ein professionelles Unternehmen f\u00fcr personalisierte Musikdienste. Wir entwerfen f\u00fcr jedes Unternehmen die am besten geeignete musikalische Umgebung. Wir sind Experten f\u00fcr Ambient-Musik und sensorisches Marketing f\u00fcr internationale Unternehmen.","og_url":"https:\/\/personal-music.com\/de\/startseite\/","og_site_name":"Personal Music","article_modified_time":"2022-04-12T15:03:14+00:00","twitter_card":"summary_large_image","schema":{"@context":"https:\/\/schema.org","@graph":[{"@type":"WebPage","@id":"https:\/\/personal-music.com\/de\/startseite\/","url":"https:\/\/personal-music.com\/de\/startseite\/","name":"Personal Music","isPartOf":{"@id":"https:\/\/personal-music.com\/#website"},"datePublished":"2017-04-03T12:42:00+00:00","dateModified":"2022-04-12T15:03:14+00:00","description":"Wir sind ein professionelles Unternehmen f\u00fcr personalisierte Musikdienste. Wir entwerfen f\u00fcr jedes Unternehmen die am besten geeignete musikalische Umgebung. Wir sind Experten f\u00fcr Ambient-Musik und sensorisches Marketing f\u00fcr internationale Unternehmen.","breadcrumb":{"@id":"https:\/\/personal-music.com\/de\/startseite\/#breadcrumb"},"inLanguage":"de","potentialAction":[{"@type":"ReadAction","target":["https:\/\/personal-music.com\/de\/startseite\/"]}]},{"@type":"BreadcrumbList","@id":"https:\/\/personal-music.com\/de\/startseite\/#breadcrumb","itemListElement":[{"@type":"ListItem","position":1,"name":"Portada","item":"https:\/\/personal-music.com\/de\/startseite\/"},{"@type":"ListItem","position":2,"name":"Startseite"}]},{"@type":"WebSite","@id":"https:\/\/personal-music.com\/#website","url":"https:\/\/personal-music.com\/","name":"Personal Music","description":"MUSIC MARKETING SERVICE","publisher":{"@id":"https:\/\/personal-music.com\/#organization"},"potentialAction":[{"@type":"SearchAction","target":{"@type":"EntryPoint","urlTemplate":"https:\/\/personal-music.com\/?s={search_term_string}"},"query-input":{"@type":"PropertyValueSpecification","valueRequired":true,"valueName":"search_term_string"}}],"inLanguage":"de"},{"@type":"Organization","@id":"https:\/\/personal-music.com\/#organization","name":"Personal Music","url":"https:\/\/personal-music.com\/","logo":{"@type":"ImageObject","inLanguage":"de","@id":"https:\/\/personal-music.com\/#\/schema\/logo\/image\/","url":"https:\/\/personal-music.com\/wp-content\/uploads\/2022\/02\/big_icon.jpeg","contentUrl":"https:\/\/personal-music.com\/wp-content\/uploads\/2022\/02\/big_icon.jpeg","width":512,"height":512,"caption":"Personal Music"},"image":{"@id":"https:\/\/personal-music.com\/#\/schema\/logo\/image\/"}}]}},"_links":{"self":[{"href":"https:\/\/personal-music.com\/de\/wp-json\/wp\/v2\/pages\/795","targetHints":{"allow":["GET"]}}],"collection":[{"href":"https:\/\/personal-music.com\/de\/wp-json\/wp\/v2\/pages"}],"about":[{"href":"https:\/\/personal-music.com\/de\/wp-json\/wp\/v2\/types\/page"}],"author":[{"embeddable":true,"href":"https:\/\/personal-music.com\/de\/wp-json\/wp\/v2\/users\/1"}],"replies":[{"embeddable":true,"href":"https:\/\/personal-music.com\/de\/wp-json\/wp\/v2\/comments?post=795"}],"version-history":[{"count":1,"href":"https:\/\/personal-music.com\/de\/wp-json\/wp\/v2\/pages\/795\/revisions"}],"predecessor-version":[{"id":915,"href":"https:\/\/personal-music.com\/de\/wp-json\/wp\/v2\/pages\/795\/revisions\/915"}],"wp:attachment":[{"href":"https:\/\/personal-music.com\/de\/wp-json\/wp\/v2\/media?parent=795"}],"curies":[{"name":"wp","href":"https:\/\/api.w.org\/{rel}","templated":true}]}}